{"id":4730,"date":"2021-10-28T15:12:25","date_gmt":"2021-10-28T13:12:25","guid":{"rendered":"https:\/\/www.lamaisonarredamenti.com\/sito\/?page_id=4730"},"modified":"2022-02-07T10:10:51","modified_gmt":"2022-02-07T09:10:51","slug":"privacy-policy","status":"publish","type":"page","link":"https:\/\/www.lamaisonarredamenti.com\/sito\/privacy-policy\/","title":{"rendered":"Privacy-Policy"},"content":{"rendered":"\t\t<div data-elementor-type=\"wp-page\" data-elementor-id=\"4730\" class=\"elementor elementor-4730\" data-elementor-post-type=\"page\">\n\t\t\t\t\t\t<section class=\"elementor-section elementor-top-section elementor-element elementor-element-7a141ac elementor-section-boxed elementor-section-height-default elementor-section-height-default\" data-id=\"7a141ac\" data-element_type=\"section\" data-e-type=\"section\">\n\t\t\t\t\t\t<div class=\"elementor-container elementor-column-gap-default\">\n\t\t\t\t\t<div class=\"elementor-column elementor-col-100 elementor-top-column elementor-element elementor-element-f474bc0 ot-flex-column-vertical\" data-id=\"f474bc0\" data-element_type=\"column\" data-e-type=\"column\">\n\t\t\t<div class=\"elementor-widget-wrap elementor-element-populated\">\n\t\t\t\t\t\t<div class=\"elementor-element elementor-element-ddfd26a elementor-widget elementor-widget-spacer\" data-id=\"ddfd26a\" data-element_type=\"widget\" data-e-type=\"widget\" data-widget_type=\"spacer.default\">\n\t\t\t\t<div class=\"elementor-widget-container\">\n\t\t\t\t\t\t\t<div class=\"elementor-spacer\">\n\t\t\t<div class=\"elementor-spacer-inner\"><\/div>\n\t\t<\/div>\n\t\t\t\t\t\t<\/div>\n\t\t\t\t<\/div>\n\t\t\t\t\t<\/div>\n\t\t<\/div>\n\t\t\t\t\t<\/div>\n\t\t<\/section>\n\t\t\t\t<section class=\"elementor-section elementor-top-section elementor-element elementor-element-ed28c58 elementor-section-boxed elementor-section-height-default elementor-section-height-default\" data-id=\"ed28c58\" data-element_type=\"section\" data-e-type=\"section\">\n\t\t\t\t\t\t<div class=\"elementor-container elementor-column-gap-default\">\n\t\t\t\t\t<div class=\"elementor-column elementor-col-100 elementor-top-column elementor-element elementor-element-770df08 ot-flex-column-vertical\" data-id=\"770df08\" data-element_type=\"column\" data-e-type=\"column\">\n\t\t\t<div class=\"elementor-widget-wrap elementor-element-populated\">\n\t\t\t\t\t\t<div class=\"elementor-element elementor-element-b60d845 elementor-widget elementor-widget-text-editor\" data-id=\"b60d845\" data-element_type=\"widget\" data-e-type=\"widget\" data-widget_type=\"text-editor.default\">\n\t\t\t\t<div class=\"elementor-widget-container\">\n\t\t\t\t\t\t\t\t\t<h2>CONSENSO INFORMATO AL TRATTAMENTO DEI DATI E UTILIZZO DEI COOKIE (www.lamaisonarredamenti.com)<\/h2><p><strong>TRATTAMENTO DATI UTENTE ED INFORMATIVA SULLA PRIVACY AI SENSI DELL\u2019ART. 13 Reg. UE 679\/2016 E\u00a0<\/strong><strong>RELATIVO CONSENSO<\/strong><\/p><p>In ottemperanza a quanto previsto dal Regolamento europeo sulla privacy (Generale Data Protection Regulation) nr. 679 del 2016, con la presente intendiamo fornire alcune informazioni sulla raccolta ed utilizzo dei Vostri dati personali da parte della Ditta La Maison S.r.l.. Il trattamento delle informazioni che Vi riguardano e dei dati personali forniti o comunque acquisiti, nell\u2019ambito della nostra attivit\u00e0, sar\u00e0 improntato ai principi di correttezza, liceit\u00e0, trasparenza e di tutela della sua riservatezza e di ogni altro diritto, in conformit\u00e0 al REGOLAMENTO UE 2016\/679.<\/p><p><strong>A) TRATTAMENTO DATI UTENTE<\/strong><\/p><p>Il trattamento comprender\u00e0, nel rispetto\u00a0<strong>dei principi<\/strong>\u00a0<strong>stabiliti<\/strong>\u00a0dall\u2019art. 5 del\u00a0<strong>REG. UE 2016\/679<\/strong>, tutte le operazioni previste\u00a0<strong>dall\u2019art. 4 paragrafo 2 del REG. UE 2016\/679<\/strong>, necessarie al perseguimento delle seguenti finalit\u00e0:<\/p><ol><li>adempimento di tutti gli obblighi precontrattuali e contrattuali;<\/li><li>adempimento dei vigenti obblighi amministrativo \u2013 contabili, fiscali.<\/li><li>invio via e-mail, posta e\/o sms e\/o contatti telefonici, whatsapp, newsletter, comunicazioni commerciali e\/o materiale pubblicitario su servizi resi dal Titolare analoghi a quelli oggetto del contratto.<\/li><\/ol><p><strong>B) NATURA DEL CONFERIMENTO DEI DATI E CONSEGUENZE DEL RIFIUTO DI RISPONDERE<\/strong><\/p><p>Il trattamento da parte del Titolare per le finalit\u00e0 di cui sopra \u00e8 consentito solo a seguito di sottoscrizione di consenso esplicito da rilasciarsi per iscritto o a mezzo email. Ricordiamo che la trasmissione dei dati personali dell\u2019Utente alla ditta La Maison S.r.l. avviene sempre sotto la sua responsabilit\u00e0. Il fornire ulteriori dati personali \u00e8 facoltativo, ma ci potr\u00e0 aiutare a garantire un servizio sempre pi\u00f9 accurato e adeguato (proposte di nuovi servizi, offerte commerciali, etc.)<\/p><p>Si chiarisce che il mancato conferimento del consenso al trattamento dei dati per le finalit\u00e0 al p.to A del presente documento comporta l\u2019impossibilit\u00e0 di adempiere in tutto o in parte al contratto sottoscritto o alla sua prosecuzione<\/p><p><strong>L\u2019INTERESSATO HA IL DIRITTO DI REVOCARE IL PROPRIO CONSENSO IN QUALSIASI MOMENTO<\/strong>\u00a0(art.7, par. 3 REG. UE 2016\/679).<\/p><p>Inoltre, si specifica che, in conformit\u00e0 al Considerando n. 26 del REG. UE 2016\/679, le finalit\u00e0 di cui al n. 4 del p.to A sono state considerate dal Titolare un Suo legittimo interesse in conformit\u00e0 Art. 6 par. 1 lett f del REG. UE 2016\/679 e pu\u00f2 essere oggetto di opposizione da parte dell\u2019interessato. Questi, infatti, ha diritto ad opporsi in tutto o in parte al trattamento finalizzato ad attivit\u00e0 di Marketing diretto. Tale diritto, che sar\u00e0 meglio esplicitato al p.to H, par. 4 lett. b del presente documento, pu\u00f2 essere fatto valere anche successivamente al conferimento dei dati: in tal caso, non potr\u00e0 ricevere newsletter, comunicazioni commerciali e materiale pubblicitario inerenti ai Servizi offerti dal Titolare analoghi a quelli dei servizi resi oggetto del contratto. Continuer\u00e0 comunque ad avere diritto ai servizi di cui al n. 1, 2 e 3 indicate al p.to A.<\/p><p><strong>c) RACCOLTA INFORMAZIONI PERSONALI<\/strong><\/p><p>\u00c8 possibile per chiunque navigare nei siti della ditta La Maison S.r.l. come http:\/\/www.lamaisonarredamenti.com senza rivelare la propria identit\u00e0 e\/o informazioni personali. Una volta che l\u2019Utente fornisce i propri dati personali attraverso moduli sul sito http:\/\/www.lamaisonarredamenti.com, esso non \u00e8 pi\u00f9 anonimo. Se l\u2019Utente sceglie di fornire informazioni personali, acconsente al trattamento di tali informazioni secondo questa Politica sulla Privacy.<\/p><p>La ditta La Maison S.r.l. pu\u00f2 raccogliere, registrare, organizzare, conservare e consultare le seguenti informazioni fornite dall\u2019Utente:<\/p><ul><li>Indirizzo e-mail, indirizzo e numero di telefono, data di nascita e informazioni finanziarie, come il numero della vostra carta di credito o conto corrente bancario ed numero IBAN;<\/li><li>Spedizioni, fatturazioni e altre informazioni fornite per acquistare, vendere e\/o spedire un prodotto;<\/li><li>Discussioni della community, chat, risoluzioni di controversie, corrispondenza attraverso i nostri siti, e corrispondenza inviataci;<\/li><li>Ulteriori informazioni che chiediamo all\u2019Utente di presentare per identificarsi o necessarie nel caso in cui la ditta La Maison S.r.l. ritenga che l\u2019Utente stia violando le regole del sito http:\/\/www.lamaisonarredamenti.com;<\/li><li>Informazioni relative ai Partner Commerciali dell\u2019Utente.<\/li><\/ul><p>La responsabilit\u00e0 dei Dati dei Partner Commerciali \u00e8 esclusivamente a carico dell\u2019Utente medesimo.<\/p><p>L\u2019Utente dovr\u00e0 autonomamente provvedere agli adempimenti previsti dal Reg. UE 679\/2016 ai fini della raccolta, registrazione, elaborazione e ad ogni ulteriore trattamento dei Dati dei Partner Commerciali, provvedendo ad informare gli interessati e ad ottenerne il consenso nei casi previsti dalla normativa.<\/p><p><strong>D) MODALIT\u00c0 DI TRATTAMENTO<\/strong><\/p><p>Il trattamento dei Suoi dati \u00e8 realizzato per mezzo delle operazioni indicate al paragrafo 2 dell\u2019art. 4 del REG. UE 2016\/679 e precisamente: raccolta, registrazione, organizzazione, conservazione, consultazione, elaborazione, modificazione, selezione, estrazione, raffronto, utilizzo, interconnessione, blocco, comunicazione, cancellazione e distruzione dei dati. I Suoi dati sono sottoposti a trattamento sia cartaceo che elettronico e\/o automatizzato.<\/p><p>Il Titolare tratter\u00e0 i dati personali per il tempo necessario per adempiere alle finalit\u00e0 di cui sopra e comunque per non oltre 11 anni dalla cessazione del rapporto per le Finalit\u00e0 di cui al n. 1 e 2 del p.to A del presente documento e per non oltre 38 mesi di cui al n. 3 e 4 del p.to A del presente documento<\/p><p><strong>E) ACCESSO E COMUNICAZIONE DEI DATI<\/strong><\/p><p>I dati personali, possono essere accessibili da parte di soggetti terzi autorizzati al trattamento (dipendenti e collaboratori del Titolare appositamente incaricati e\/o a societ\u00e0 incaricate e\/o responsabili del trattamento e\/o amministratori di sistema) nominati dalla ditta La Maison S.r.l. preposti all\u2019esecuzione delle operazioni relative alle finalit\u00e0 di cui sopra.<\/p><p>Nel corso del trattamento potrebbe essere necessario il conferimento di dati a soggetti terzi autorizzati dalla ditta La Maison S.r.l. al solo scopo di adempiere alle finalit\u00e0 descritte al p.to A del presente documento.<\/p><p>I dati personali, infatti, possono essere comunicati per obblighi di legge o per trattamenti strettamente correlati alle finalit\u00e0 di cui sopra, a:<\/p><ul><li>societ\u00e0, collaboratori e professionisti esterni per specifici servizi legali e amministrativo \u2013 contabili;<\/li><li>uffici ed enti pubblici,<\/li><li>consulenti tecnico\/informatici;<\/li><li>istituti di credito ed assicurativi;<\/li><li>altre aziende o persone fisiche o giuridiche facenti parte collaborativa con la ditta La Maison S.r.l..<\/li><\/ul><p><strong><u>I dati personali non sono oggetto di diffusione.<\/u><\/strong><\/p><p><strong>F) TRASFERIMENTO DATI<\/strong><\/p><p>I dati personali sono conservati su server ubicati in Italia, all\u2019interno dell\u2019Unione Europea. Resta in ogni caso inteso che il Titolare, ove si rendesse necessario, avr\u00e0 facolt\u00e0 di spostare i server anche extra-UE. In tal caso, il Titolare assicura sin d\u2019ora che il trasferimento dei dati extra-UE avverr\u00e0 in conformit\u00e0 alle disposizioni di legge applicabili, previa stipula delle clausole contrattuali standard previste dalla Commissione Europea.<\/p><p><strong>G)\u00a0<\/strong><strong>UTILIZZO COOKIE<\/strong><\/p><p>Questo sito web utilizza i cookie. I cookie sono piccoli file di testo che possono essere utilizzati dai siti web per rendere pi\u00f9 efficiente l\u2019esperienza per l\u2019utente. Utilizziamo cookie tecnici per il corretto funzionamento del sito web e di terze parti per analizzare in modo anonimo il traffico dell\u2019utente.<\/p><p>Questo sito utilizza diversi tipi di cookie. Alcuni cookie sono collocati da servizi di terzi che compaiono sulle nostre pagine.<\/p><p><strong>1) Cookie tecnici<\/strong>\u00a0di sessione che vengono utilizzati con una durata pari alla singola sessione di navigazione e che quindi scadono nel momento in cui viene chiusa la sessione del browser. Sono definiti cookie tecnici e non \u00e8 necessario un tuo consenso per il loro utilizzo. Non vengono utilizzati per scopi ulteriori e senza il ricorso a tali cookie, alcune operazioni non potrebbero essere compiute o sarebbero pi\u00f9 complesse e\/o meno sicure.<\/p><p><strong>2) Cookie analitici o Analytics<\/strong>: Per potere migliorare e ottimizzare continuamente la nostra offerta utilizziamo Google Analytics, un servizio di web analytics fornito da Google che invia cookies sul tuo dispositivo. Utilizziamo questo servizio per generare statistiche anonime su come il visitatore utilizza il sito web, le pagine pi\u00f9 visitate, il tempo di permanenza, ecc. Le informazioni generate dal cookie sul tuo utilizzo del sito sono trasmesse a Google e conservate da Google su server negli Stati Uniti. Google pu\u00f2 anche trasferire queste informazioni a terzi se richiesto dalla legge. Nel nostro sito abbiamo anonimizzato Google Analytics, il che ci permette di raccogliere statistiche senza che Google possa visualizzare o risalire in alcun modo al tuo indirizzo IP completo o ad altri tuoi dati personali. Per ulteriori informazioni su Google Analytics, puoi consultare la pagina\u00a0<a href=\"http:\/\/www.google.com\/intl\/it_ALL\/analytics\/learn\/privacy.html\">Cookies and Analytics<\/a>\u00a0e la relativa\u00a0<a href=\"https:\/\/policies.google.com\/privacy?hl=it\">privacy policy<\/a>\u00a0di Google.<\/p><p>Puoi facilmente disattivare Google Analytics durante la navigazione utilizzando il\u00a0<a href=\"https:\/\/tools.google.com\/dlpage\/gaoptout?hl=it)\">componente aggiuntivo disponibile per Chrome, Firefox, Internet Explorer, Opera e Safari<\/a>.<\/p><p><strong>3) Cookie di terze parti<\/strong>, cio\u00e8 cookie di siti o di web server diversi da quello del Titolare, utilizzati per finalit\u00e0 proprie di tali terze parti, tra cui anche cookie di profilazione. Si precisa che tali soggetti terzi agiscono in qualit\u00e0 di autonomi titolari del trattamento dei dati raccolti attraverso i cookie da essi inviati; pertanto, puoi consultare le loro politiche di trattamento di dati personali, informative ed eventuali moduli di raccolta del consenso. Questi cookie non vengono installati senza il tuo esplicito consenso.<\/p><p><strong>COME CONTROLLARE ED ELIMINARE I COOKIE ATTRAVERSO IL BROWSER<\/strong><\/p><p>La maggior parte dei web browser accetta i cookie, ma tu puoi solitamente modificare le impostazioni del web browser in modo da rifiutare i cookie, disabilitare quelli esistenti o semplicemente essere informato quando un nuovo cookie viene inviato al tuo dispositivo. Fai attenzione che, se tu rifiuti o disabiliti i cookie, alcune delle funzionalit\u00e0 del sito web possono andare perse. Inoltre, disabilitando i cookie o categorie di cookie il cookie non viene eliminato dal tuo browser. Dovrai eliminarlo tramite il tuo browser.<\/p><p>1)\u00a0<a href=\"https:\/\/support.google.com\/chrome\/answer\/95647?hl=it\" target=\"_blank\" rel=\"noopener\">Disabilitazione e cancellazione dei cookie su Chrome<\/a><\/p><p>2)\u00a0<a href=\"https:\/\/support.mozilla.org\/it\/kb\/Attivare%20e%20disattivare%20i%20cookie\" target=\"_blank\" rel=\"noopener\">Disabilitazione e cancellazione dei cookie su Firefox<\/a><\/p><p>3)\u00a0<a href=\"http:\/\/windows.microsoft.com\/it-it\/internet-explorer\/delete-manage-cookies#ie=ie-11\" target=\"_blank\" rel=\"noopener\">Disabilitazione e cancellazione dei cookie su Internet Explorer<\/a><\/p><p><a id=\"uhfCatLogo\" class=\"c-logo\" href=\"https:\/\/support.microsoft.com\/it-it\/products\/microsoft-edge\" aria-label=\"Supporto tecnico di Microsoft Edge\" data-m=\"{&quot;cN&quot;:&quot;Supporto tecnico di Microsoft Edge_nav&quot;,&quot;id&quot;:&quot;n1c1m1r1a1&quot;,&quot;sN&quot;:1,&quot;aN&quot;:&quot;c1m1r1a1&quot;}\">4) Disabilitazione e cancellazione dei cookie su Microsoft Edge<\/a><\/p><p>4)\u00a0<a href=\"https:\/\/support.apple.com\/it-it\/HT201265\" target=\"_blank\" rel=\"noopener\">Disabilitazione e cancellazione dei cookie su Safari<\/a><\/p><p>5)\u00a0<a href=\"http:\/\/help.opera.com\/Mac\/12.10\/it\/cookies.html\" target=\"_blank\" rel=\"noopener\">Disabilitazione e cancellazione dei cookie su Opera<\/a><\/p><h3>ANDROID<\/h3><ol><li>sul tuo dispositivo apri l\u2019app \u201cImpostazioni Google\u201d<\/li><li>scorri verso il basso e seleziona \u201cGoogle\u201d<\/li><li>seleziona \u201cAnnunci\u201d<\/li><li>seleziona \u201cDisattiva annunci basati sugli interessi\u201d o \u201cDisattiva personalizzazione annunci\u201d<\/li><\/ol><p>Leggi anche\u00a0<a href=\"https:\/\/support.google.com\/accounts\/answer\/61416?hl=it&amp;co=GENIE.Platform%3DAndroid\" target=\"_blank\" rel=\"noopener\">Attivare o disattivare i cookie su Android<\/a>\u00a0e\u00a0<a href=\"https:\/\/support.google.com\/accounts\/answer\/32050?co=GENIE.Platform%3DAndroid&amp;oco=1\" target=\"_blank\" rel=\"noopener\">cancellare i cookie su Android<\/a><\/p><h3>IOS<\/h3><p>I dispositivi iOS utilizzano l\u2019Advertising Identifier di Apple. Per ulteriori informazioni su come limitare il monitoraggio degli annunci con questo identificatore, visita l\u2019app \u201cImpostazioni sul tuo dispositivo\u201d oppure visita la pagina\u00a0<a href=\"https:\/\/support.apple.com\/it-it\/HT201265\" target=\"_blank\" rel=\"noopener\">https:\/\/support.apple.com\/it-it\/HT2012657<\/a><\/p><p>Queste due piattaforme offrono la possibilit\u00e0 di rifiutare o accettare i cookie di molti professionisti della pubblicit\u00e0 digitale. Clicca sui link per gestire le tue preferenze sui cookie:<\/p><p><a href=\"http:\/\/www.youronlinechoices.com\/it\/le-tue-scelte\" target=\"_blank\" rel=\"noopener\">Youonlinechoice<\/a><\/p><p><a href=\"http:\/\/optout.networkadvertising.org\/?c=1#!\/\" target=\"_blank\" rel=\"noopener\">Networkadvertising.org<\/a><\/p><p>Ti consigliamo di utilizzare queste piattaforme per gestire la revoca del consenso all\u2019utilizzo dei cookie.<\/p><p><strong>H) DIRITTI DELL\u2019INTERESSATO<\/strong><\/p><p>Nella Sua qualit\u00e0 di interessato, ha i diritti di cui agli artt. 15 \u2013 22 REG. UE 2016\/679 e precisamente i diritti di:<\/p><p>1) ottenere la conferma dell\u2019esistenza o meno di dati personali che La riguardano, anche se non ancora registrati, e la loro comunicazione in forma intelligibile;<\/p><p>2) ottenere l\u2019indicazione:<\/p><p>a) dell\u2019origine dei dati personali;<\/p><p>b) delle finalit\u00e0 e modalit\u00e0 del trattamento;<\/p><p>c) della logica applicata in caso di trattamento effettuato con l\u2019ausilio di strumenti elettronici;<\/p><p>d) degli estremi identificativi del titolare, dei responsabili e del rappresentante designato ai sensi dell\u2019art. 3, paragrafo 1 del REG. UE 2016\/679;<\/p><p>e) dei soggetti o delle categorie di soggetti ai quali i dati personali possono essere comunicati o che possono venirne a conoscenza in qualit\u00e0 di rappresentante designato nel territorio dello Stato, di responsabili o incaricati;3<\/p><p>3) ottenere:<\/p><p>a) l\u2019aggiornamento, la rettificazione ovvero, quando vi ha interesse, l\u2019integrazione dei dati;<\/p><p>b) la cancellazione, la trasformazione in forma anonima o il blocco dei dati trattati in violazione di legge, compresi quelli di cui non \u00e8 necessaria la conservazione in relazione agli scopi per i quali i dati sono stati raccolti o successivamente trattati;<\/p><p>c) l\u2019attestazione che le operazioni di cui alle lettere a) e b) sono state portate a conoscenza, anche per quanto riguarda il loro contenuto, di coloro ai quali i dati sono stati comunicati o diffusi, eccettuato il caso in cui tale adempimento si rivela impossibile o comporta un impiego di mezzi manifestamente sproporzionato rispetto al diritto tutelato;<\/p><p>4) opporsi, in tutto o in parte:<\/p><p>a) per motivi legittimi al trattamento dei dati personali che La riguardano, ancorch\u00e9 pertinenti allo scopo della raccolta;<\/p><p>b) al trattamento di dati personali che La riguardano a fini di invio di materiale pubblicitario o di vendita diretta o per il compimento di ricerche di mercato o di comunicazione commerciale, mediante l\u2019uso di sistemi automatizzati di chiamata senza l\u2019intervento di un operatore mediante e-mail e\/o mediante modalit\u00e0 di marketing tradizionali mediante telefono e\/o posta cartacea. Si fa presente che il diritto di opposizione dell\u2019interessato, esposto al precedente punto b), per finalit\u00e0 di marketing diretto mediante modalit\u00e0 automatizzate si estende a quelle tradizionali e che comunque resta salva la possibilit\u00e0 per l\u2019interessato di esercitare il diritto di opposizione anche solo in parte. Pertanto, l\u2019interessato pu\u00f2 decidere di ricevere solo comunicazioni mediante modalit\u00e0 tradizionali ovvero solo comunicazioni automatizzate oppure nessuna delle due tipologie di comunicazione.<\/p><p>5) esporre reclamo all\u2019Autorit\u00e0 Garante.<\/p><p><strong>L\u2019interessato pu\u00f2 far valere i propri diritti attraverso l\u2019invio di esplicita e-mail agli indirizzi\/recapiti riportati al p.to G del presente documento.<\/strong><\/p><p><strong>I)\u00a0<\/strong><strong>TITOLARE, RESPONSABILE E SOGGETTI TERZI AUTORIZZATI AL TRATTAMENTO<\/strong><\/p><p>Titolare del trattamento \u00e8 la Ditta La Maison S.r.l., avente sede legale a Scafati (Sa) in Via Acquasalsa,13 Pompei (Na) e-mail\u00a0<a href=\"https:\/\/www.lamaisonarredamenti.com\/sito---\/info@lamaisonarredamenti.com\">info@lamaisonarredamenti.com<\/a>\u00a0nella persona di Erasmo Esposito.<\/p><p>L\u2019elenco aggiornato dei soggetti terzi autorizzati al trattamento \u00e8 custodito presso la sede legale del Titolare del trattamento<\/p>\t\t\t\t\t\t\t\t<\/div>\n\t\t\t\t<\/div>\n\t\t\t\t\t<\/div>\n\t\t<\/div>\n\t\t\t\t\t<\/div>\n\t\t<\/section>\n\t\t\t\t<\/div>\n\t\t","protected":false},"excerpt":{"rendered":"<p>CONSENSO INFORMATO AL TRATTAMENTO DEI DATI E UTILIZZO DEI COOKIE (www.lamaisonarredamenti.com) TRATTAMENTO DATI UTENTE ED INFORMATIVA SULLA PRIVACY AI SENSI DELL\u2019ART. 13 Reg. UE 679\/2016 E&nbsp;RELATIVO CONSENSO In ottemperanza a quanto previsto dal Regolamento europeo sulla privacy (Generale Data Protection Regulation) nr. 679 del 2016, con la presente intendiamo fornire alcune informazioni sulla raccolta ed [&hellip;]<\/p>\n","protected":false},"author":1,"featured_media":0,"parent":0,"menu_order":0,"comment_status":"closed","ping_status":"closed","template":"","meta":{"footnotes":""},"class_list":["post-4730","page","type-page","status-publish","hentry"],"_links":{"self":[{"href":"https:\/\/www.lamaisonarredamenti.com\/sito\/wp-json\/wp\/v2\/pages\/4730","targetHints":{"allow":["GET"]}}],"collection":[{"href":"https:\/\/www.lamaisonarredamenti.com\/sito\/wp-json\/wp\/v2\/pages"}],"about":[{"href":"https:\/\/www.lamaisonarredamenti.com\/sito\/wp-json\/wp\/v2\/types\/page"}],"author":[{"embeddable":true,"href":"https:\/\/www.lamaisonarredamenti.com\/sito\/wp-json\/wp\/v2\/users\/1"}],"replies":[{"embeddable":true,"href":"https:\/\/www.lamaisonarredamenti.com\/sito\/wp-json\/wp\/v2\/comments?post=4730"}],"version-history":[{"count":5,"href":"https:\/\/www.lamaisonarredamenti.com\/sito\/wp-json\/wp\/v2\/pages\/4730\/revisions"}],"predecessor-version":[{"id":4738,"href":"https:\/\/www.lamaisonarredamenti.com\/sito\/wp-json\/wp\/v2\/pages\/4730\/revisions\/4738"}],"wp:attachment":[{"href":"https:\/\/www.lamaisonarredamenti.com\/sito\/wp-json\/wp\/v2\/media?parent=4730"}],"curies":[{"name":"wp","href":"https:\/\/api.w.org\/{rel}","templated":true}]}}